{"id":213,"date":"2020-12-04T16:26:31","date_gmt":"2020-12-04T16:26:31","guid":{"rendered":"http:\/\/45.55.34.161\/~oasisfit\/?page_id=213"},"modified":"2023-12-14T21:44:49","modified_gmt":"2023-12-14T21:44:49","slug":"schedule","status":"publish","type":"page","link":"https:\/\/costaricatotalfitness.com\/es\/schedule\/","title":{"rendered":"Horario"},"content":{"rendered":"<h1>Horario<\/h1>\n<h2>Horario de clases <\/h2>\n<ul>\n<li>\n\t\t\t\t\t\t\t\t\t\tHORAS DE GIMNASIO\n\t\t\t\t\t\t\t\t\t<\/li>\n<li>\n\t\t\t\t\t\t\t\t\t\tMonday &#8211; Friday 5am to 8 30pm\n\t\t\t\t\t\t\t\t\t<\/li>\n<li>\n\t\t\t\t\t\t\t\t\t\tS\u00e1bado 7am to 5pm\n\t\t\t\t\t\t\t\t\t<\/li>\n<li>\n\t\t\t\t\t\t\t\t\t\tDomingo 7am - 12pm\n\t\t\t\t\t\t\t\t\t<\/li>\n<\/ul>\n<h3>\n\t\t\t\t\t\tBOOTCAMP<br \/>\n\t\t\t\t<\/h3>\n<p>\n\t\t\t\t\t\tMonday, Wednesday &amp; Fridays at 8:00am with Georgina. \t\t\t\t\t<\/p>\n<h3>\n\t\t\t\t\t\tSTRONGER BY MOVEMENT<br \/>\n\t\t\t\t<\/h3>\n<p>\n\t\t\t\t\t\tThursdays at 9:15am with Jill. \t\t\t\t\t<\/p>\n<h3>\n\t\t\t\t\t\tCARDIO BOXING<br \/>\n\t\t\t\t<\/h3>\n<p>\n\t\t\t\t\t\tTuesdays &amp; Thursdays at 5:00pm and Saturdays at 7:00am with Johan. \t\t\t\t\t<\/p>\n<h3>\n\t\t\t\t\t\tYOGA<br \/>\n\t\t\t\t<\/h3>\n<p>\n\t\t\t\t\t\tTBA.\t\t\t\t\t<\/p>\n<h3>\n\t\t\t\t\t\tPILATES<br \/>\n\t\t\t\t<\/h3>\n<p>\n\t\t\t\t\t\tTuesdays &amp; Fridays at 9:15am with Monica. \t\t\t\t\t<\/p>\n<h3>\n\t\t\t\t\t\tZUMBA<br \/>\n\t\t\t\t<\/h3>\n<p>\n\t\t\t\t\t\tTuesdays, Thursdays &#038; Saturdays at 8:10am with Ale.\t\t\t\t\t<\/p>\n<p>\t\t\t\t\t\t\t\t\t\t\t\t\t\t\t<img decoding=\"async\" width=\"800\" height=\"800\" src=\"https:\/\/costaricatotalfitness.com\/wp-content\/uploads\/2020\/12\/Contact-Oasis--1030x1030.jpg\" alt=\"contact Oasis\" loading=\"lazy\" srcset=\"https:\/\/costaricatotalfitness.com\/wp-content\/uploads\/2020\/12\/Contact-Oasis--1030x1030.jpg 1030w, https:\/\/costaricatotalfitness.com\/wp-content\/uploads\/2020\/12\/Contact-Oasis--300x300.jpg 300w, https:\/\/costaricatotalfitness.com\/wp-content\/uploads\/2020\/12\/Contact-Oasis--80x80.jpg 80w, https:\/\/costaricatotalfitness.com\/wp-content\/uploads\/2020\/12\/Contact-Oasis--768x768.jpg 768w, https:\/\/costaricatotalfitness.com\/wp-content\/uploads\/2020\/12\/Contact-Oasis--12x12.jpg 12w, https:\/\/costaricatotalfitness.com\/wp-content\/uploads\/2020\/12\/Contact-Oasis-.jpg 1080w\" sizes=\"auto, (max-width: 800px) 100vw, 800px\" \/>\t\t\t\t\t\t\t\t\t\t\t\t\t\t\t<\/p>\n<h2>Cont\u00e1ctenos<br \/><\/h2>\n<p>\u00a1Nos encantar\u00eda escuchar de usted! Por favor cont\u00e1ctenos llenando esta forma o por el m\u00e9todo que prefiera abajo:<\/p>\n<ul>\n<li>\n\t\t\t\t\t\t\t\t\t\tTel\u00e9fono: +506-8945-5552\n\t\t\t\t\t\t\t\t\t<\/li>\n<\/ul>\n<ul>\n<li>\n\t\t\t\t\t\t\t\t\t\tCorreo Electr\u00f3nico: oasisfitnesscr@gmail.com\n\t\t\t\t\t\t\t\t\t<\/li>\n<\/ul>","protected":false},"excerpt":{"rendered":"<p>Schedule Costa Rica Total Fitness Class Schedule GYM HOURS: Monday &#8211; Friday 5am to 8 30pm Saturday 7am to 5pm Sunday 7am to 12pm BOOTCAMP Monday, Wednesday &amp; Fridays at 8:00am with Georgina. STRONGER BY MOVEMENT Thursdays at 9:15am with Jill. CARDIO BOXING Tuesdays &amp; Thursdays at 5:00pm and Saturdays at 7:00am with Johan. YOGA [&hellip;]<\/p>","protected":false},"author":7,"featured_media":0,"parent":0,"menu_order":0,"comment_status":"closed","ping_status":"closed","template":"","meta":{"_monsterinsights_skip_tracking":false,"_monsterinsights_sitenote_active":false,"_monsterinsights_sitenote_note":"","_monsterinsights_sitenote_category":0,"footnotes":""},"class_list":["post-213","page","type-page","status-publish","hentry"],"yoast_head":"<!-- This site is optimized with the Yoast SEO plugin v21.8.1 - https:\/\/yoast.com\/wordpress\/plugins\/seo\/ -->\n<title>Schedule - Costa Rica Total Fitness<\/title>\n<meta name=\"description\" content=\"View our Fitness Schedule for our brand new gym in Brasilito, Costa Rica. Offering open gym, fitness classes, functional training and more.\" \/>\n<meta name=\"robots\" content=\"index, follow, max-snippet:-1, max-image-preview:large, max-video-preview:-1\" \/>\n<link rel=\"canonical\" href=\"https:\/\/costaricatotalfitness.com\/es\/schedule\/\" \/>\n<meta property=\"og:locale\" content=\"es_ES\" \/>\n<meta property=\"og:type\" content=\"article\" \/>\n<meta property=\"og:title\" content=\"Schedule - Costa Rica Total Fitness\" \/>\n<meta property=\"og:description\" content=\"View our Fitness Schedule for our brand new gym in Brasilito, Costa Rica. Offering open gym, fitness classes, functional training and more.\" \/>\n<meta property=\"og:url\" content=\"https:\/\/costaricatotalfitness.com\/es\/schedule\/\" \/>\n<meta property=\"og:site_name\" content=\"Costa Rica Total Fitness\" \/>\n<meta property=\"article:modified_time\" content=\"2023-12-14T21:44:49+00:00\" \/>\n<meta property=\"og:image\" content=\"https:\/\/costaricatotalfitness.com\/wp-content\/uploads\/2020\/12\/Contact-Oasis--1030x1030.jpg\" \/>\n<meta name=\"twitter:card\" content=\"summary_large_image\" \/>\n<meta name=\"twitter:label1\" content=\"Est. reading time\" \/>\n\t<meta name=\"twitter:data1\" content=\"1 minuto\" \/>\n<script type=\"application\/ld+json\" class=\"yoast-schema-graph\">{\"@context\":\"https:\/\/schema.org\",\"@graph\":[{\"@type\":\"WebPage\",\"@id\":\"https:\/\/costaricatotalfitness.com\/schedule\/\",\"url\":\"https:\/\/costaricatotalfitness.com\/schedule\/\",\"name\":\"Schedule - Costa Rica Total Fitness\",\"isPartOf\":{\"@id\":\"https:\/\/costaricatotalfitness.com\/#website\"},\"datePublished\":\"2020-12-04T16:26:31+00:00\",\"dateModified\":\"2023-12-14T21:44:49+00:00\",\"description\":\"View our Fitness Schedule for our brand new gym in Brasilito, Costa Rica. Offering open gym, fitness classes, functional training and more.\",\"breadcrumb\":{\"@id\":\"https:\/\/costaricatotalfitness.com\/schedule\/#breadcrumb\"},\"inLanguage\":\"es-CR\",\"potentialAction\":[{\"@type\":\"ReadAction\",\"target\":[\"https:\/\/costaricatotalfitness.com\/schedule\/\"]}]},{\"@type\":\"BreadcrumbList\",\"@id\":\"https:\/\/costaricatotalfitness.com\/schedule\/#breadcrumb\",\"itemListElement\":[{\"@type\":\"ListItem\",\"position\":1,\"name\":\"Home\",\"item\":\"https:\/\/costaricatotalfitness.com\/\"},{\"@type\":\"ListItem\",\"position\":2,\"name\":\"Schedule\"}]},{\"@type\":\"WebSite\",\"@id\":\"https:\/\/costaricatotalfitness.com\/#website\",\"url\":\"https:\/\/costaricatotalfitness.com\/\",\"name\":\"Costa Rica Total Fitness\",\"description\":\"Costa Rica\",\"potentialAction\":[{\"@type\":\"SearchAction\",\"target\":{\"@type\":\"EntryPoint\",\"urlTemplate\":\"https:\/\/costaricatotalfitness.com\/?s={search_term_string}\"},\"query-input\":\"required name=search_term_string\"}],\"inLanguage\":\"es-CR\"}]}<\/script>\n<!-- \/ Yoast SEO plugin. -->","yoast_head_json":{"title":"Schedule - Costa Rica Total Fitness","description":"View our Fitness Schedule for our brand new gym in Brasilito, Costa Rica. Offering open gym, fitness classes, functional training and more.","robots":{"index":"index","follow":"follow","max-snippet":"max-snippet:-1","max-image-preview":"max-image-preview:large","max-video-preview":"max-video-preview:-1"},"canonical":"https:\/\/costaricatotalfitness.com\/es\/schedule\/","og_locale":"es_ES","og_type":"article","og_title":"Schedule - Costa Rica Total Fitness","og_description":"View our Fitness Schedule for our brand new gym in Brasilito, Costa Rica. Offering open gym, fitness classes, functional training and more.","og_url":"https:\/\/costaricatotalfitness.com\/es\/schedule\/","og_site_name":"Costa Rica Total Fitness","article_modified_time":"2023-12-14T21:44:49+00:00","og_image":[{"url":"https:\/\/costaricatotalfitness.com\/wp-content\/uploads\/2020\/12\/Contact-Oasis--1030x1030.jpg"}],"twitter_card":"summary_large_image","twitter_misc":{"Est. reading time":"1 minuto"},"schema":{"@context":"https:\/\/schema.org","@graph":[{"@type":"WebPage","@id":"https:\/\/costaricatotalfitness.com\/schedule\/","url":"https:\/\/costaricatotalfitness.com\/schedule\/","name":"Schedule - Costa Rica Total Fitness","isPartOf":{"@id":"https:\/\/costaricatotalfitness.com\/#website"},"datePublished":"2020-12-04T16:26:31+00:00","dateModified":"2023-12-14T21:44:49+00:00","description":"View our Fitness Schedule for our brand new gym in Brasilito, Costa Rica. Offering open gym, fitness classes, functional training and more.","breadcrumb":{"@id":"https:\/\/costaricatotalfitness.com\/schedule\/#breadcrumb"},"inLanguage":"es-CR","potentialAction":[{"@type":"ReadAction","target":["https:\/\/costaricatotalfitness.com\/schedule\/"]}]},{"@type":"BreadcrumbList","@id":"https:\/\/costaricatotalfitness.com\/schedule\/#breadcrumb","itemListElement":[{"@type":"ListItem","position":1,"name":"Home","item":"https:\/\/costaricatotalfitness.com\/"},{"@type":"ListItem","position":2,"name":"Schedule"}]},{"@type":"WebSite","@id":"https:\/\/costaricatotalfitness.com\/#website","url":"https:\/\/costaricatotalfitness.com\/","name":"Costa Rica Total Fitness","description":"Costa Rica","potentialAction":[{"@type":"SearchAction","target":{"@type":"EntryPoint","urlTemplate":"https:\/\/costaricatotalfitness.com\/?s={search_term_string}"},"query-input":"required name=search_term_string"}],"inLanguage":"es-CR"}]}},"_links":{"self":[{"href":"https:\/\/costaricatotalfitness.com\/es\/wp-json\/wp\/v2\/pages\/213","targetHints":{"allow":["GET"]}}],"collection":[{"href":"https:\/\/costaricatotalfitness.com\/es\/wp-json\/wp\/v2\/pages"}],"about":[{"href":"https:\/\/costaricatotalfitness.com\/es\/wp-json\/wp\/v2\/types\/page"}],"author":[{"embeddable":true,"href":"https:\/\/costaricatotalfitness.com\/es\/wp-json\/wp\/v2\/users\/7"}],"replies":[{"embeddable":true,"href":"https:\/\/costaricatotalfitness.com\/es\/wp-json\/wp\/v2\/comments?post=213"}],"version-history":[{"count":78,"href":"https:\/\/costaricatotalfitness.com\/es\/wp-json\/wp\/v2\/pages\/213\/revisions"}],"predecessor-version":[{"id":1349,"href":"https:\/\/costaricatotalfitness.com\/es\/wp-json\/wp\/v2\/pages\/213\/revisions\/1349"}],"wp:attachment":[{"href":"https:\/\/costaricatotalfitness.com\/es\/wp-json\/wp\/v2\/media?parent=213"}],"curies":[{"name":"wp","href":"https:\/\/api.w.org\/{rel}","templated":true}]}}