{"id":534,"date":"2020-12-20T20:37:28","date_gmt":"2020-12-20T20:37:28","guid":{"rendered":"http:\/\/45.55.34.161\/~oasisfit\/?page_id=534"},"modified":"2024-01-20T14:09:12","modified_gmt":"2024-01-20T14:09:12","slug":"memberships","status":"publish","type":"page","link":"https:\/\/costaricatotalfitness.com\/es\/memberships\/","title":{"rendered":"Membres\u00edas"},"content":{"rendered":"<h1>\u00danete a nosotros<\/h1>\n<h2>Membres\u00edas Costa Rica Total Fitness &amp; Paquetes de Clases <\/h2>\n<p>\t\t\t\t\t\t\t\t\t\t\t\t\t\t\t<img decoding=\"async\" src=\"https:\/\/costaricatotalfitness.com\/wp-content\/uploads\/elementor\/thumbs\/Gym-Membership-Guanacaste--p098o0jv668x72o49974uil7b7pqmqp6u98b9usayw.jpg\" title=\"Gym Membership Guanacaste\" alt=\"Gym Membership Guanacaste\" loading=\"lazy\" \/>\t\t\t\t\t\t\t\t\t\t\t\t\t\t\t<\/p>\n<h4>WEEK PASS<\/h4>\n<p>\t\t\t\t$<br \/>\n\t\t\t\t45<\/p>\n<ul>\n<li>\n\t\t\t\t\t\t\t\t\t\tAcceso a todas las \u00e1reas del gimnasio abiertas\n\t\t\t\t\t\t\t\t\t<\/li>\n<li>\n\t\t\t\t\t\t\t\t\t\tDescuentos del 10-20% para contratos de 3-6-12 meses\n\t\t\t\t\t\t\t\t\t<\/li>\n<\/ul>\n<p>\t\t\t\t\t\t\t\t\t\t\t\t\t\t\t<img decoding=\"async\" src=\"https:\/\/costaricatotalfitness.com\/wp-content\/uploads\/elementor\/thumbs\/Gym-Membership-Costa-Rica--q3wdlcsfah8m3m0bda0rhmw4bhuyxvrsoj4fbhw0p4.jpg\" title=\"Gym Membership Costa Rica\" alt=\"Gym Membership Costa Rica\" loading=\"lazy\" \/>\t\t\t\t\t\t\t\t\t\t\t\t\t\t\t<\/p>\n<h4>MONTH PASS<\/h4>\n<p>\t\t\t\t$<br \/>\n\t\t\t\t30<\/p>\n<ul>\n<li>\n\t\t\t\t\t\t\t\t\t\tAcceso a todas las \u00e1reas del gimnasio abiertas\n\t\t\t\t\t\t\t\t\t<\/li>\n<li>\n\t\t\t\t\t\t\t\t\t\tDescuentos del 10-20% para contratos de 3-6-12 meses\n\t\t\t\t\t\t\t\t\t<\/li>\n<\/ul>\n<p>\t\t\t\t\t\t\t\t\t\t\t\t\t\t\t<img decoding=\"async\" src=\"https:\/\/costaricatotalfitness.com\/wp-content\/uploads\/elementor\/thumbs\/Free-Weights-Gym-Guanacaste--q3wdlgjs1tdre1uurbn9rlxyp1cfso6q11qd8lqg08.jpg\" title=\"Free Weights Gym Guanacaste\" alt=\"Free Weights Gym Guanacaste\" loading=\"lazy\" \/>\t\t\t\t\t\t\t\t\t\t\t\t\t\t\t<\/p>\n<h4>VISITA <\/h4>\n<p>\t\t\t\t$<br \/>\n\t\t\t\t1<\/p>\n<ul>\n<li>\n\t\t\t\t\t\t\t\t\t\tAcceso a todas las \u00e1reas del gimnasio abiertas\n\t\t\t\t\t\t\t\t\t<\/li>\n<li>\n\t\t\t\t\t\t\t\t\t\tAcceso todo el d\u00eda\n\t\t\t\t\t\t\t\t\t<\/li>\n<li>\n\t\t\t\t\t\t\t\t\t<\/li>\n<\/ul>\n<h2>Pase por clase <\/h2>\n<h5>\u00a1Compre una sola visita o clase o compre un paquete de clases para ahorrar! <\/h5>\n<h4>Clase \u00fanica $10 <\/h4>\n<p>V\u00e1lido por un mes desde la fecha de compra <\/p>\n<h4>Pase de 13 Clases $100 <\/h4>\n<p>V\u00e1lido por 3 meses desde la fecha de compra. <\/p>\n<p>\t\t\t\t\t\t\t\t\t\t\t\t\t\t\t<img decoding=\"async\" width=\"800\" height=\"800\" src=\"https:\/\/costaricatotalfitness.com\/wp-content\/uploads\/2020\/12\/Contact-Oasis--1030x1030.jpg\" alt=\"contact Oasis\" srcset=\"https:\/\/costaricatotalfitness.com\/wp-content\/uploads\/2020\/12\/Contact-Oasis--1030x1030.jpg 1030w, https:\/\/costaricatotalfitness.com\/wp-content\/uploads\/2020\/12\/Contact-Oasis--300x300.jpg 300w, https:\/\/costaricatotalfitness.com\/wp-content\/uploads\/2020\/12\/Contact-Oasis--80x80.jpg 80w, https:\/\/costaricatotalfitness.com\/wp-content\/uploads\/2020\/12\/Contact-Oasis--768x768.jpg 768w, https:\/\/costaricatotalfitness.com\/wp-content\/uploads\/2020\/12\/Contact-Oasis--12x12.jpg 12w, https:\/\/costaricatotalfitness.com\/wp-content\/uploads\/2020\/12\/Contact-Oasis-.jpg 1080w\" sizes=\"(max-width: 800px) 100vw, 800px\" \/>\t\t\t\t\t\t\t\t\t\t\t\t\t\t\t<\/p>\n<h2>Cont\u00e1ctenos<br \/><\/h2>\n<p>\u00a1Nos encantar\u00eda escuchar de usted! Por favor cont\u00e1ctenos llenando esta forma o por el m\u00e9todo que prefiera abajo:<\/p>\n<ul>\n<li>\n\t\t\t\t\t\t\t\t\t\tTel\u00e9fono: +506-8945-5552\n\t\t\t\t\t\t\t\t\t<\/li>\n<\/ul>\n<ul>\n<li>\n\t\t\t\t\t\t\t\t\t\tCorreo Electr\u00f3nico: oasisfitnesscr@gmail.com\n\t\t\t\t\t\t\t\t\t<\/li>\n<\/ul>","protected":false},"excerpt":{"rendered":"<p>join us Costa Rica Total Fitness Memberships &amp; Class Packs WEEK PASS $ 45 Access all open gym areas Discounts of 10-20% for 3-6-12 month contracts MONTH PASS $ 30 Access all open gym areas Discounts of 10-20% for 3-6-12 month contracts DROP IN $ 1 Access all open gym areas All day access Class [&hellip;]<\/p>","protected":false},"author":7,"featured_media":0,"parent":0,"menu_order":0,"comment_status":"closed","ping_status":"closed","template":"","meta":{"_monsterinsights_skip_tracking":false,"_monsterinsights_sitenote_active":false,"_monsterinsights_sitenote_note":"","_monsterinsights_sitenote_category":0,"footnotes":""},"class_list":["post-534","page","type-page","status-publish","hentry"],"yoast_head":"<!-- This site is optimized with the Yoast SEO plugin v21.8.1 - https:\/\/yoast.com\/wordpress\/plugins\/seo\/ -->\n<title>Memberships - Costa Rica Total Fitness<\/title>\n<meta name=\"description\" content=\"Costa Rica Total Fitness offers a variety of gym memberships in Brasilito, Costa Rica. Explore unlimited monthly options and class passes here.\" \/>\n<meta name=\"robots\" content=\"index, follow, max-snippet:-1, max-image-preview:large, max-video-preview:-1\" \/>\n<link rel=\"canonical\" href=\"https:\/\/costaricatotalfitness.com\/es\/memberships\/\" \/>\n<meta property=\"og:locale\" content=\"es_ES\" \/>\n<meta property=\"og:type\" content=\"article\" \/>\n<meta property=\"og:title\" content=\"Memberships - Costa Rica Total Fitness\" \/>\n<meta property=\"og:description\" content=\"Costa Rica Total Fitness offers a variety of gym memberships in Brasilito, Costa Rica. Explore unlimited monthly options and class passes here.\" \/>\n<meta property=\"og:url\" content=\"https:\/\/costaricatotalfitness.com\/es\/memberships\/\" \/>\n<meta property=\"og:site_name\" content=\"Costa Rica Total Fitness\" \/>\n<meta property=\"article:modified_time\" content=\"2024-01-20T14:09:12+00:00\" \/>\n<meta property=\"og:image\" content=\"https:\/\/costaricatotalfitness.com\/wp-content\/uploads\/elementor\/thumbs\/Gym-Membership-Guanacaste--p098o0jv668x72o49974uil7b7pqmqp6u98b9usayw.jpg\" \/>\n<meta name=\"twitter:card\" content=\"summary_large_image\" \/>\n<meta name=\"twitter:label1\" content=\"Est. reading time\" \/>\n\t<meta name=\"twitter:data1\" content=\"2 minutos\" \/>\n<script type=\"application\/ld+json\" class=\"yoast-schema-graph\">{\"@context\":\"https:\/\/schema.org\",\"@graph\":[{\"@type\":\"WebPage\",\"@id\":\"https:\/\/costaricatotalfitness.com\/memberships\/\",\"url\":\"https:\/\/costaricatotalfitness.com\/memberships\/\",\"name\":\"Memberships - Costa Rica Total Fitness\",\"isPartOf\":{\"@id\":\"https:\/\/costaricatotalfitness.com\/#website\"},\"datePublished\":\"2020-12-20T20:37:28+00:00\",\"dateModified\":\"2024-01-20T14:09:12+00:00\",\"description\":\"Costa Rica Total Fitness offers a variety of gym memberships in Brasilito, Costa Rica. Explore unlimited monthly options and class passes here.\",\"breadcrumb\":{\"@id\":\"https:\/\/costaricatotalfitness.com\/memberships\/#breadcrumb\"},\"inLanguage\":\"es-CR\",\"potentialAction\":[{\"@type\":\"ReadAction\",\"target\":[\"https:\/\/costaricatotalfitness.com\/memberships\/\"]}]},{\"@type\":\"BreadcrumbList\",\"@id\":\"https:\/\/costaricatotalfitness.com\/memberships\/#breadcrumb\",\"itemListElement\":[{\"@type\":\"ListItem\",\"position\":1,\"name\":\"Home\",\"item\":\"https:\/\/costaricatotalfitness.com\/\"},{\"@type\":\"ListItem\",\"position\":2,\"name\":\"Memberships\"}]},{\"@type\":\"WebSite\",\"@id\":\"https:\/\/costaricatotalfitness.com\/#website\",\"url\":\"https:\/\/costaricatotalfitness.com\/\",\"name\":\"Costa Rica Total Fitness\",\"description\":\"Costa Rica\",\"potentialAction\":[{\"@type\":\"SearchAction\",\"target\":{\"@type\":\"EntryPoint\",\"urlTemplate\":\"https:\/\/costaricatotalfitness.com\/?s={search_term_string}\"},\"query-input\":\"required name=search_term_string\"}],\"inLanguage\":\"es-CR\"}]}<\/script>\n<!-- \/ Yoast SEO plugin. -->","yoast_head_json":{"title":"Memberships - Costa Rica Total Fitness","description":"Costa Rica Total Fitness offers a variety of gym memberships in Brasilito, Costa Rica. Explore unlimited monthly options and class passes here.","robots":{"index":"index","follow":"follow","max-snippet":"max-snippet:-1","max-image-preview":"max-image-preview:large","max-video-preview":"max-video-preview:-1"},"canonical":"https:\/\/costaricatotalfitness.com\/es\/memberships\/","og_locale":"es_ES","og_type":"article","og_title":"Memberships - Costa Rica Total Fitness","og_description":"Costa Rica Total Fitness offers a variety of gym memberships in Brasilito, Costa Rica. Explore unlimited monthly options and class passes here.","og_url":"https:\/\/costaricatotalfitness.com\/es\/memberships\/","og_site_name":"Costa Rica Total Fitness","article_modified_time":"2024-01-20T14:09:12+00:00","og_image":[{"url":"https:\/\/costaricatotalfitness.com\/wp-content\/uploads\/elementor\/thumbs\/Gym-Membership-Guanacaste--p098o0jv668x72o49974uil7b7pqmqp6u98b9usayw.jpg"}],"twitter_card":"summary_large_image","twitter_misc":{"Est. reading time":"2 minutos"},"schema":{"@context":"https:\/\/schema.org","@graph":[{"@type":"WebPage","@id":"https:\/\/costaricatotalfitness.com\/memberships\/","url":"https:\/\/costaricatotalfitness.com\/memberships\/","name":"Memberships - Costa Rica Total Fitness","isPartOf":{"@id":"https:\/\/costaricatotalfitness.com\/#website"},"datePublished":"2020-12-20T20:37:28+00:00","dateModified":"2024-01-20T14:09:12+00:00","description":"Costa Rica Total Fitness offers a variety of gym memberships in Brasilito, Costa Rica. Explore unlimited monthly options and class passes here.","breadcrumb":{"@id":"https:\/\/costaricatotalfitness.com\/memberships\/#breadcrumb"},"inLanguage":"es-CR","potentialAction":[{"@type":"ReadAction","target":["https:\/\/costaricatotalfitness.com\/memberships\/"]}]},{"@type":"BreadcrumbList","@id":"https:\/\/costaricatotalfitness.com\/memberships\/#breadcrumb","itemListElement":[{"@type":"ListItem","position":1,"name":"Home","item":"https:\/\/costaricatotalfitness.com\/"},{"@type":"ListItem","position":2,"name":"Memberships"}]},{"@type":"WebSite","@id":"https:\/\/costaricatotalfitness.com\/#website","url":"https:\/\/costaricatotalfitness.com\/","name":"Costa Rica Total Fitness","description":"Costa Rica","potentialAction":[{"@type":"SearchAction","target":{"@type":"EntryPoint","urlTemplate":"https:\/\/costaricatotalfitness.com\/?s={search_term_string}"},"query-input":"required name=search_term_string"}],"inLanguage":"es-CR"}]}},"_links":{"self":[{"href":"https:\/\/costaricatotalfitness.com\/es\/wp-json\/wp\/v2\/pages\/534","targetHints":{"allow":["GET"]}}],"collection":[{"href":"https:\/\/costaricatotalfitness.com\/es\/wp-json\/wp\/v2\/pages"}],"about":[{"href":"https:\/\/costaricatotalfitness.com\/es\/wp-json\/wp\/v2\/types\/page"}],"author":[{"embeddable":true,"href":"https:\/\/costaricatotalfitness.com\/es\/wp-json\/wp\/v2\/users\/7"}],"replies":[{"embeddable":true,"href":"https:\/\/costaricatotalfitness.com\/es\/wp-json\/wp\/v2\/comments?post=534"}],"version-history":[{"count":63,"href":"https:\/\/costaricatotalfitness.com\/es\/wp-json\/wp\/v2\/pages\/534\/revisions"}],"predecessor-version":[{"id":1371,"href":"https:\/\/costaricatotalfitness.com\/es\/wp-json\/wp\/v2\/pages\/534\/revisions\/1371"}],"wp:attachment":[{"href":"https:\/\/costaricatotalfitness.com\/es\/wp-json\/wp\/v2\/media?parent=534"}],"curies":[{"name":"wp","href":"https:\/\/api.w.org\/{rel}","templated":true}]}}